{"id":465,"date":"2020-08-09T16:15:09","date_gmt":"2020-08-09T14:15:09","guid":{"rendered":"https:\/\/changemakers.film\/?page_id=465"},"modified":"2020-09-04T10:55:31","modified_gmt":"2020-09-04T08:55:31","slug":"unterstuetzerinnen","status":"publish","type":"page","link":"https:\/\/changemakers.film\/en\/unterstuetzerinnen\/","title":{"rendered":"Statements from supporters"},"content":{"rendered":"<h2 class=\"wp-block-heading\">Statements from supporters<\/h2>\n\n\n\n<blockquote class=\"wp-block-quote is-layout-flow wp-block-quote-is-layout-flow\"><p>\u201eDie Selbstverpflichtung spiegelt die Notwendigkeit zur raschen Reduktion unseres Treibhausgas-Aussto\u00dfes wider, die sich aus dem Pariser Klimaabkommen ergibt. Um das dort beschriebene Ziel zu erreichen, die Erderw\u00e4rmung auf deutlich unterhalb von 2,0 \u00b0C zu begrenzen, d\u00fcrfen wir Menschen sehr gro\u00dfz\u00fcgig gerechnet nur noch maximal 1000 Milliarden Tonnen CO2 aussto\u00dfen. Beim derzeitigen Aussto\u00df von CO2 ist dieses Budget in allersp\u00e4testens 25 Jahren ersch\u00f6pft. F\u00fcr ein Erw\u00e4rmungsziel von 1,5 \u00b0C w\u00e4re das Budget in etwas mehr als 10 Jahren ersch\u00f6pft. Wenn wir als Gesellschaft dieses Erw\u00e4rmungsziel erreichen wollen, m\u00fcssen wir daher \u00fcber einen extrem kurzen Zeitraum die Treibhausgasemissionen rapide reduzieren. Die Selbstverpflichtung spiegelt diese Notwendigkeit direkt wider, da sie direkt die Bereiche der Filmproduktion adressiert, durch die die meisten Treibhausgase freigesetzt werden. Hierzu z\u00e4hlen der Transport, der Stromverbrauch am Set, der Ressourcenverbrauch und die Ern\u00e4hrung.<br>Leider verhandeln die Naturgesetze nicht, und warten auch nicht darauf, dass sich Dinge von selbst ver\u00e4ndern\u2026&nbsp;\u201c<\/p><cite>Prof. Dr. Dirk Notz,&nbsp;einer der Leitautoren des n\u00e4chsten IPCC Berichts<\/cite><\/blockquote>\n\n\n\n<blockquote class=\"wp-block-quote is-layout-flow wp-block-quote-is-layout-flow\"><p>\u201eWarum ich dabei bin:<br>Nichts ist einfacher und macht kreativer, als solche &#8211; in Wirklichkeit- kleinen Einschr\u00e4nkungen. So machbar und so effektiv, wenn alle einen solchen Beitrag leisten. &nbsp;Umstellung ist einfach. Man muss es nur wollen und das Ego ein wenig zur Seite schieben. Lass uns loslegen!\u201c<\/p><cite>Anna Schudt, Schauspielerin<\/cite><\/blockquote>\n\n\n\n<blockquote class=\"wp-block-quote is-layout-flow wp-block-quote-is-layout-flow\"><p>\u201eConstantin Film begr\u00fc\u00dft die Initiative der Schauspieler*innen sehr! Als \u00fcberzeugtes und engagiertes Mitglied der ersten Stunde des Arbeitskreises Green Shooting besch\u00e4ftigen wir uns gemeinsam mit unseren gesch\u00e4tzten Kolleg*innen des AK schon seit Jahren mit der Thematik und stellen immer wieder fest, dass die Klimaziele der Filmproduktion ohne Schulterschluss mit unseren Regisseur*innen, Schauspieler*innen und deren Agenturen unerreichbar sind.\u201c<\/p><cite>Christine Rothe &amp; Patricia Barth, Constantin Film Produktion<\/cite><\/blockquote>\n\n\n\n<blockquote class=\"wp-block-quote is-layout-flow wp-block-quote-is-layout-flow\"><p>\u201eDrehs sind immer ein logistischer, organisatorischer und gruppendynamischer Kraftakt, Diesen Kraftakt gr\u00fcner zu gestalten und damit einen neuen und bewussteren Weg einzuschlagen, halte ich f\u00fcr alternativlos. Ich glaube, gr\u00fcneres Drehen kann und wird sogar noch mehr Spa\u00df machen als vorher.&nbsp;\u201c<\/p><cite>Karoline Schuch, Schauspielerin<\/cite><\/blockquote>\n\n\n\n<blockquote class=\"wp-block-quote is-layout-flow wp-block-quote-is-layout-flow\"><p>\u201eAuch in mir w\u00e4chst erst langsam das Bewusstsein f\u00fcr meine eigene Verantwortung der Umwelt gegen\u00fcber. Die Freiwillige Selbstverpflichtung ist ein wichtiges Signal nach au\u00dfen und an mich selbst um unsere Bereitschaft f\u00fcr Ver\u00e4nderungen zu verdeutlichen und festzuhalten und damit bessere M\u00f6glichkeiten f\u00fcr \u201egr\u00fcnes Drehen\u201c zu schaffen.\u201c<\/p><cite>Jannis Niew\u00f6hner, Schauspieler<\/cite><\/blockquote>\n\n\n\n<blockquote class=\"wp-block-quote is-layout-flow wp-block-quote-is-layout-flow\"><p>\u201eDer Produzentenverband unterst\u00fctzt die umsichtige und vielschichtige Selbstverpflichtung der Schauspieler*innen in allen Belangen. Die M\u00f6glichkeiten, zu einer klimafreundlichen Arbeitsweise unserer Branche beizutragen sind ebenso komplex wie kleinteilig und erfordern permanentes Bewusstsein und Einsatz in allen Bereichen. Schritte und Handlungen, die in der Umsetzung heute vielleicht noch befremden oder schwierig erscheinen, werden hoffentlich bald schon eine Selbstverst\u00e4ndlichkeit f\u00fcr uns alle sein, sofern wir gemeinsam lernen bei der Filmproduktion (und dar\u00fcber hinaus) umzudenken und Verantwortung f\u00fcr unser Tun zu \u00fcbernehmen. Das Engagement und die Unterst\u00fctzung der Schauspieler*innen ist hier ein essentieller und unerl\u00e4sslicher Beitrag, der es auch uns Produzent*innen vom Produzentenverband erheblich erleichtern wird, unsere am 2. Dezember 2019 getroffenen Freiwillige Selbstverpflichtung zur nachhaltigen Filmproduktion zu erf\u00fcllen. Only together we can make a change!\u201c<\/p><cite><br>Nicole Gerhards, NiKo Film &amp; Karsten St\u00f6ter, Rohfilm Factory im Namen des Produzentenverbands e.V.<\/cite><\/blockquote>\n\n\n\n<blockquote class=\"wp-block-quote is-layout-flow wp-block-quote-is-layout-flow\"><p>\u201eWeil ich mich im Privaten bem\u00fche meinen CO2 Fu\u00dfabdruck zu verringern und es da nur logisch ist dieses Bem\u00fchen auch ins Berufliche zu tragen. Und weil eine ausreichende Ver\u00e4nderung nur stattfinden kann, wenn wir alle anfangen uns zu bewegen.\u201c<\/p><cite>Golo Euler, Schauspieler<\/cite><\/blockquote>\n\n\n\n<blockquote class=\"wp-block-quote is-layout-flow wp-block-quote-is-layout-flow\"><p>\u201eEinen Film zu produzieren und zu drehen ist Teamwork. Ebenso k\u00f6nnen wir die Umstellung auf eine ressourcenschonende Filmproduktion nur als eine gemeinsame Aufgabe angehen und l\u00f6sen.&nbsp;Wir, das Netzwerk der German Film Commissions, freuen uns sehr, dass jetzt auch die Schauspieler*innen mit ihrer Selbstverpflichtung Verantwortung \u00fcbernehmen und ein Zeichen im Engagement f\u00fcr klimafreundlicheres Drehen setzen.\u201c<\/p><cite><br>German Film Commissions<\/cite><\/blockquote>\n\n\n\n<blockquote class=\"wp-block-quote is-layout-flow wp-block-quote-is-layout-flow\"><p>\u201eDass ich in diesem wunderbaren Beruf arbeiten darf, ist f\u00fcr mich das gr\u00f6\u00dfte Gl\u00fcck und ein Privileg. Und mit Privilegien sollte man verantwortungsvoll umgehen. Daher sehe ich es als die Aufgabe von uns SchauspielerInnen, mit m\u00f6glichst gutem Beispiel voranzugehen. Nur von der guten und gerechten Welt erz\u00e4hlen, das reicht nicht. Wir m\u00fcssen leben, wof\u00fcr wir stehen.\u201c<\/p><cite>Verena Altenberger, Schauspielerin<\/cite><\/blockquote>\n\n\n\n<blockquote class=\"wp-block-quote is-layout-flow wp-block-quote-is-layout-flow\"><p>\u201eIch begr\u00fc\u00dfe diesen wichtigen Vorsto\u00df der Schauspieler*innen au\u00dferordentlich. Film- und TV-Produktionen verursachen viel h\u00f6here C02-Emissionen, als alle denken. Aber man kann diesen Aussto\u00df um fast die H\u00e4lfte reduzieren, wie wir bei der MFG in einem Modellversuch gezeigt haben. Dazu muss man in allen Punkten einer Produktion umsteuern, und sei es auch noch so m\u00fchsam. Genau dazu sind die Unterzeichner*innen selbst bereit, das beeindruckt mich. &nbsp;Wir wissen aus allen MFG-F\u00f6rderprogrammen f\u00fcr gr\u00fcnes Drehen und genauso von den 100 gr\u00fcnen Produktionen des Arbeitskreises \u201eGreen Shooting\u201c, wie entscheidend die Rolle der Schauspieleri*innen ist. DANKE an alle, die unterzeichnet haben.\u201c<\/p><cite>Carl Bergengruen, Medien- und Filmgesellschaft Baden-W\u00fcrttemberg<\/cite><\/blockquote>\n\n\n\n<blockquote class=\"wp-block-quote is-layout-flow wp-block-quote-is-layout-flow\"><p>\u201eEs gibt Dinge die sind leichter gesagt als getan &#8211; aber es gibt eben solche, die sind besser getan als zu lange gesagt.\u201c<\/p><cite>Vicky Krieps, Schauspielerin<\/cite><\/blockquote>\n\n\n\n<blockquote class=\"wp-block-quote is-layout-flow wp-block-quote-is-layout-flow\"><p>\u201eEine tolle Initiative der Schauspielerinnen und Schauspieler! F\u00fcr die Bavaria Fiction ist das Thema Green Production eines der zentralen Themen f\u00fcr dieses und die kommenden Jahre.&nbsp;Unser Ziel ist es, gr\u00fcn zu produzieren und gleicherma\u00dfen die Anforderungen des Drehs zu bewerkstelligen. Ob vor oder hinter der Kamera: lasst uns alle gemeinsam an einem Strang ziehen!\u201c<\/p><cite>Jan S. Kaiser, Bavaria Fiction<\/cite><\/blockquote>\n\n\n\n<blockquote class=\"wp-block-quote is-layout-flow wp-block-quote-is-layout-flow\"><p>\u201eDie UFA hat sich auf die Agenda gesetzt, ihre Produktionen nachhaltiger zu gestalten und ihren CO2-Aussto\u00df zu reduzieren. Um dies zu erreichen, brauchen wir aber die Unterst\u00fctzung aller am Produktionsprozess Beteiligten. Die freiwillige Selbstverpflichtung von Schauspieler*innen entspricht weitestgehend den Zielen, die auch wir uns mittelfristig f\u00fcr unsere Produktionen gesetzt haben und wir freuen uns \u00fcber dieses Commitment und ein gemeinsames Ziel.\u201c<\/p><cite>Katja B\u00e4uerle, UFA<\/cite><\/blockquote>\n\n\n\n<blockquote class=\"wp-block-quote is-layout-flow wp-block-quote-is-layout-flow\"><p>\u201eJede Krise ist stets neu: deshalb muss auch der Geist, um sie verstehen zu k\u00f6nnen, immer frisch, klar, beweglich sein. Ich denke, den meisten von uns ist klar, dass dringend eine innere Revolution erforderlich ist, die allein einen radikalen Wandel des \u00c4u\u00dferen, der Gesellschaft bewirken kann.\u201c<\/p><cite><br>Liv Lisa Fries, Schauspielerin, zitiert Jiddu Krishnamurti<\/cite><\/blockquote>\n\n\n\n<blockquote class=\"wp-block-quote is-layout-flow wp-block-quote-is-layout-flow\"><p>\u201eSchauspielerinnen und Schauspieler sind die sichtbaren Botschafter zwischen Filmbranche und Publikum. Es ist gut, dass die Initiative Changemakers.film selbstbewusst und mit einer Selbstverpflichtung Verantwortung \u00fcbernehmen will, um die Filmbranche klimaneutral zu machen. Es ist h\u00f6chste Zeit, dass auch einer der gr\u00f6\u00dften kulturwirtschaftlichen Produktionsbereiche unseres Landes sich f\u00fcr Umweltschutz und Klimaschutz engagiert. Klimaneutralit\u00e4t muss verpflichtend werden, wenn staatliche Gelder in Anspruch genommen werden. Nicht nur beim Film, aber auch da.\u201c <\/p><cite>Dieter Kosslick<\/cite><\/blockquote>\n\n\n\n<blockquote class=\"wp-block-quote is-layout-flow wp-block-quote-is-layout-flow\"><p>\u201eWir bei Sky nehmen uns bereits seit zwei Jahren des Themas Green Shooting an und verpflichten seither die von uns beauftragten Produzenten, sowohl im Serien- als auch im Showbereich, eine Reihe von Green Shooting Kriterien einzuhalten. Wir leisten damit nicht nur unseren Beitrag zu einem Thema, dass uns alle betrifft. Nein, wir konnten, nach anf\u00e4nglichen Bedenken und Ber\u00fchrungs\u00e4ngsten, auch einige Produzenten mit dem Thema Green Shooting \u201einfizieren\u201c, die nun auch Produktionen f\u00fcr andere Auftraggeber nach diesen Kriterien umsetzen. Die Initiative Changemakers.film zeigt, dass in allen Teilen der Filmbranche eine wachsende Sensibilit\u00e4t f\u00fcr diese Themen vorherrscht, was wir ungemein positiv aufnehmen und uns alle best\u00e4rken sollte weiterzumachen.\u201c<\/p><cite><br>Fabian Klaus, Sky<\/cite><\/blockquote>\n\n\n\n<blockquote class=\"wp-block-quote is-layout-flow wp-block-quote-is-layout-flow\"><p>\u201eDie Selbstverpflichtung wird nicht die Welt retten, aber es ist wichtig das Schauspielerinnen und Filmschaffende ihre Prominenz nutzen und mit gutem Beispiel vorangehen. Das hat Joaquin Phoenix bei der letzen Oscarverleihung deutlich gezeigt. Wahrscheinlich gab es noch nie einen Schauspieler der bei &nbsp;einer Preisverleihung dieser Gr\u00f6\u00dfe \u00fcber die systematische Vergewaltigung von K\u00fchen zur Milchproduktion gesprochen hat sowie in Frage gestellt hat, weshalb die Menschen das Recht haben, andere Lebewesen und die Erde zu dominieren und auszubeuten.<br>Dinge ver\u00e4ndern sich wenn man die Probleme in der Diskussion h\u00e4lt und vor allem selber mitmacht. Vor 10 Jahren war ich in Kanada der einzige Vegetarier am Set und wurde bel\u00e4chelt\/bemitleidet. Der Caterer war ver\u00e4rgert dass er mir etwas Anderes kochen mu\u00dfte. Heute sind an den meisten Sets schon 30% Vegetarier. und ich schaffe es immer, bei jeder Produktion, ein bis zwei Leute dazu zu bringen ihren Fleischkonsum zu \u00fcberdenken\/einzuschr\u00e4nken.\u201c<\/p><cite><br>Kolja Brandt, Kamera<\/cite><\/blockquote>\n\n\n\n<blockquote class=\"wp-block-quote is-layout-flow wp-block-quote-is-layout-flow\"><p>\u201eIch w\u00fcnsche mir, dass wir das kreative Potential, das ja sowieso in unserer Branche liegt, auch dazu nutzen kreative L\u00f6sungen zu finden nachhaltiger Filme zu produzieren.&nbsp;Es passt f\u00fcr mich nicht zusammen wenn wir uns damit r\u00fchmen inhaltlich sorgsam Kunst zu produzieren und uns gleichzeitig nicht \u00fcber die Art &amp; Weise WIE diese produziert wird Gedanken zu machen.\u201c<\/p><cite>Luisa-C\u00e9line Gaffron, Schauspielerin<\/cite><\/blockquote>\n\n\n\n<blockquote class=\"wp-block-quote is-layout-flow wp-block-quote-is-layout-flow\"><p>\u201eDie Klimakatastrophe kann nach \u00fcbereinstimmender Meinung des Weltklimarates der Vereinten Nationen nur durch sofortige, tiefgreifende Massnahmen in s\u00e4mtlichen Bereichen abgewendet werden. Das gilt auch f\u00fcr unsere Branche. Hinter den Kameras geben sich bereits viele Kolleginnen und Kollegen in s\u00e4mtlichen Gewerken sehr viel M\u00fche, um nachhaltiger zu produzieren. Mit den Changemakers.film geschieht das jetzt auch vor den Kameras. Eine Initiative, die hoffentlich viele Kreative inspirieren und motivieren wird!\u201c<\/p><cite>Philip Gassmann, Regisseur und Green Production Experte<\/cite><\/blockquote>\n\n\n\n<blockquote class=\"wp-block-quote is-layout-flow wp-block-quote-is-layout-flow\"><p>\u201eSeit der Kindheit finde ich in der Natur Ruhe, Demut, Relativierung und Alternativen. Meine Kinder sollen das auch noch erleben d\u00fcrfen.\u201c<\/p><cite>Max Simonischek, Schauspieler<\/cite><\/blockquote>","protected":false},"excerpt":{"rendered":"<p>Statements von Unterst\u00fctzer*innen \u201eDie Selbstverpflichtung spiegelt die Notwendigkeit zur raschen Reduktion unseres Treibhausgas-Aussto\u00dfes wider, die sich aus dem Pariser Klimaabkommen ergibt. Um das dort beschriebene Ziel zu erreichen, die Erderw\u00e4rmung auf deutlich unterhalb von 2,0 \u00b0C zu begrenzen, d\u00fcrfen wir Menschen sehr gro\u00dfz\u00fcgig gerechnet nur noch maximal 1000 Milliarden Tonnen CO2 aussto\u00dfen. Beim derzeitigen Aussto\u00df [&hellip;]<\/p>","protected":false},"author":1,"featured_media":0,"parent":0,"menu_order":0,"comment_status":"closed","ping_status":"closed","template":"","meta":{"footnotes":""},"class_list":["post-465","page","type-page","status-publish","hentry"],"yoast_head":"<!-- This site is optimized with the Yoast SEO plugin v26.7 - https:\/\/yoast.com\/wordpress\/plugins\/seo\/ -->\n<title>Statements von Unterst\u00fctzer*innen - Changemakers.film<\/title>\n<meta name=\"description\" content=\"Schauspieler*innen starten Initiative zum \u201eGr\u00fcnen Drehen\u201c -jetzt unterzeichnen auf www.changemakers.film\" \/>\n<meta name=\"robots\" content=\"index, follow, max-snippet:-1, max-image-preview:large, max-video-preview:-1\" \/>\n<link rel=\"canonical\" href=\"https:\/\/changemakers.film\/en\/unterstuetzerinnen\/\" \/>\n<meta property=\"og:locale\" content=\"en_GB\" \/>\n<meta property=\"og:type\" content=\"article\" \/>\n<meta property=\"og:title\" content=\"Statements von Unterst\u00fctzer*innen - Changemakers.film\" \/>\n<meta property=\"og:description\" content=\"Schauspieler*innen starten Initiative zum \u201eGr\u00fcnen Drehen\u201c -jetzt unterzeichnen auf www.changemakers.film\" \/>\n<meta property=\"og:url\" content=\"https:\/\/changemakers.film\/en\/unterstuetzerinnen\/\" \/>\n<meta property=\"og:site_name\" content=\"Changemakers.film\" \/>\n<meta property=\"article:modified_time\" content=\"2020-09-04T08:55:31+00:00\" \/>\n<meta name=\"twitter:card\" content=\"summary_large_image\" \/>\n<meta name=\"twitter:label1\" content=\"Estimated reading time\" \/>\n\t<meta name=\"twitter:data1\" content=\"8 minutes\" \/>\n<script type=\"application\/ld+json\" class=\"yoast-schema-graph\">{\"@context\":\"https:\/\/schema.org\",\"@graph\":[{\"@type\":\"WebPage\",\"@id\":\"https:\/\/changemakers.film\/unterstuetzerinnen\/\",\"url\":\"https:\/\/changemakers.film\/unterstuetzerinnen\/\",\"name\":\"Statements von Unterst\u00fctzer*innen - Changemakers.film\",\"isPartOf\":{\"@id\":\"https:\/\/changemakers.film\/#website\"},\"datePublished\":\"2020-08-09T14:15:09+00:00\",\"dateModified\":\"2020-09-04T08:55:31+00:00\",\"description\":\"Schauspieler*innen starten Initiative zum \u201eGr\u00fcnen Drehen\u201c -jetzt unterzeichnen auf www.changemakers.film\",\"breadcrumb\":{\"@id\":\"https:\/\/changemakers.film\/unterstuetzerinnen\/#breadcrumb\"},\"inLanguage\":\"en-GB\",\"potentialAction\":[{\"@type\":\"ReadAction\",\"target\":[\"https:\/\/changemakers.film\/unterstuetzerinnen\/\"]}]},{\"@type\":\"BreadcrumbList\",\"@id\":\"https:\/\/changemakers.film\/unterstuetzerinnen\/#breadcrumb\",\"itemListElement\":[{\"@type\":\"ListItem\",\"position\":1,\"name\":\"Startseite\",\"item\":\"https:\/\/changemakers.film\/\"},{\"@type\":\"ListItem\",\"position\":2,\"name\":\"Statements von Unterst\u00fctzer*innen\"}]},{\"@type\":\"WebSite\",\"@id\":\"https:\/\/changemakers.film\/#website\",\"url\":\"https:\/\/changemakers.film\/\",\"name\":\"Changemakers.film\",\"description\":\"\",\"publisher\":{\"@id\":\"https:\/\/changemakers.film\/#organization\"},\"potentialAction\":[{\"@type\":\"SearchAction\",\"target\":{\"@type\":\"EntryPoint\",\"urlTemplate\":\"https:\/\/changemakers.film\/?s={search_term_string}\"},\"query-input\":{\"@type\":\"PropertyValueSpecification\",\"valueRequired\":true,\"valueName\":\"search_term_string\"}}],\"inLanguage\":\"en-GB\"},{\"@type\":\"Organization\",\"@id\":\"https:\/\/changemakers.film\/#organization\",\"name\":\"Changemakers.film\",\"url\":\"https:\/\/changemakers.film\/\",\"logo\":{\"@type\":\"ImageObject\",\"inLanguage\":\"en-GB\",\"@id\":\"https:\/\/changemakers.film\/#\/schema\/logo\/image\/\",\"url\":\"https:\/\/changemakers.film\/wp-content\/uploads\/2020\/07\/twitter_logo-1.jpg\",\"contentUrl\":\"https:\/\/changemakers.film\/wp-content\/uploads\/2020\/07\/twitter_logo-1.jpg\",\"width\":2454,\"height\":1227,\"caption\":\"Changemakers.film\"},\"image\":{\"@id\":\"https:\/\/changemakers.film\/#\/schema\/logo\/image\/\"}}]}<\/script>\n<!-- \/ Yoast SEO plugin. -->","yoast_head_json":{"title":"Statements von Unterst\u00fctzer*innen - Changemakers.film","description":"Schauspieler*innen starten Initiative zum \u201eGr\u00fcnen Drehen\u201c -jetzt unterzeichnen auf www.changemakers.film","robots":{"index":"index","follow":"follow","max-snippet":"max-snippet:-1","max-image-preview":"max-image-preview:large","max-video-preview":"max-video-preview:-1"},"canonical":"https:\/\/changemakers.film\/en\/unterstuetzerinnen\/","og_locale":"en_GB","og_type":"article","og_title":"Statements von Unterst\u00fctzer*innen - Changemakers.film","og_description":"Schauspieler*innen starten Initiative zum \u201eGr\u00fcnen Drehen\u201c -jetzt unterzeichnen auf www.changemakers.film","og_url":"https:\/\/changemakers.film\/en\/unterstuetzerinnen\/","og_site_name":"Changemakers.film","article_modified_time":"2020-09-04T08:55:31+00:00","twitter_card":"summary_large_image","twitter_misc":{"Estimated reading time":"8 minutes"},"schema":{"@context":"https:\/\/schema.org","@graph":[{"@type":"WebPage","@id":"https:\/\/changemakers.film\/unterstuetzerinnen\/","url":"https:\/\/changemakers.film\/unterstuetzerinnen\/","name":"Statements von Unterst\u00fctzer*innen - Changemakers.film","isPartOf":{"@id":"https:\/\/changemakers.film\/#website"},"datePublished":"2020-08-09T14:15:09+00:00","dateModified":"2020-09-04T08:55:31+00:00","description":"Schauspieler*innen starten Initiative zum \u201eGr\u00fcnen Drehen\u201c -jetzt unterzeichnen auf www.changemakers.film","breadcrumb":{"@id":"https:\/\/changemakers.film\/unterstuetzerinnen\/#breadcrumb"},"inLanguage":"en-GB","potentialAction":[{"@type":"ReadAction","target":["https:\/\/changemakers.film\/unterstuetzerinnen\/"]}]},{"@type":"BreadcrumbList","@id":"https:\/\/changemakers.film\/unterstuetzerinnen\/#breadcrumb","itemListElement":[{"@type":"ListItem","position":1,"name":"Startseite","item":"https:\/\/changemakers.film\/"},{"@type":"ListItem","position":2,"name":"Statements von Unterst\u00fctzer*innen"}]},{"@type":"WebSite","@id":"https:\/\/changemakers.film\/#website","url":"https:\/\/changemakers.film\/","name":"Changemakers.film","description":"","publisher":{"@id":"https:\/\/changemakers.film\/#organization"},"potentialAction":[{"@type":"SearchAction","target":{"@type":"EntryPoint","urlTemplate":"https:\/\/changemakers.film\/?s={search_term_string}"},"query-input":{"@type":"PropertyValueSpecification","valueRequired":true,"valueName":"search_term_string"}}],"inLanguage":"en-GB"},{"@type":"Organization","@id":"https:\/\/changemakers.film\/#organization","name":"Changemakers.film","url":"https:\/\/changemakers.film\/","logo":{"@type":"ImageObject","inLanguage":"en-GB","@id":"https:\/\/changemakers.film\/#\/schema\/logo\/image\/","url":"https:\/\/changemakers.film\/wp-content\/uploads\/2020\/07\/twitter_logo-1.jpg","contentUrl":"https:\/\/changemakers.film\/wp-content\/uploads\/2020\/07\/twitter_logo-1.jpg","width":2454,"height":1227,"caption":"Changemakers.film"},"image":{"@id":"https:\/\/changemakers.film\/#\/schema\/logo\/image\/"}}]}},"_links":{"self":[{"href":"https:\/\/changemakers.film\/en\/wp-json\/wp\/v2\/pages\/465","targetHints":{"allow":["GET"]}}],"collection":[{"href":"https:\/\/changemakers.film\/en\/wp-json\/wp\/v2\/pages"}],"about":[{"href":"https:\/\/changemakers.film\/en\/wp-json\/wp\/v2\/types\/page"}],"author":[{"embeddable":true,"href":"https:\/\/changemakers.film\/en\/wp-json\/wp\/v2\/users\/1"}],"replies":[{"embeddable":true,"href":"https:\/\/changemakers.film\/en\/wp-json\/wp\/v2\/comments?post=465"}],"version-history":[{"count":5,"href":"https:\/\/changemakers.film\/en\/wp-json\/wp\/v2\/pages\/465\/revisions"}],"predecessor-version":[{"id":519,"href":"https:\/\/changemakers.film\/en\/wp-json\/wp\/v2\/pages\/465\/revisions\/519"}],"wp:attachment":[{"href":"https:\/\/changemakers.film\/en\/wp-json\/wp\/v2\/media?parent=465"}],"curies":[{"name":"wp","href":"https:\/\/api.w.org\/{rel}","templated":true}]}}